{"id":2166,"date":"2023-11-15T14:04:45","date_gmt":"2023-11-15T13:04:45","guid":{"rendered":"https:\/\/ksiezycowykalendarz.pl\/?post_type=product&#038;p=2166"},"modified":"2025-11-21T22:03:46","modified_gmt":"2025-11-21T21:03:46","slug":"ksiezycowy-przewodnik","status":"publish","type":"product","link":"https:\/\/ksiezycowykalendarz.pl\/?product=ksiezycowy-przewodnik","title":{"rendered":"Ksi\u0119\u017cycowy przewodnik [workbook]"},"content":{"rendered":"<p><strong>Ksi\u0119\u017cycowy przewodnik to workbook, kt\u00f3ry mo\u017cesz pobra\u0107 w formacie PDF i otworzy\u0107 na dowolnym urz\u0105dzeniu \u2013 telefonie, tablecie, komputerze.<\/strong><\/p>\n<p><strong>Mo\u017cesz tak\u017ce wydrukowa\u0107 ca\u0142y zeszyt lub wybrane strony, kt\u00f3rych u\u017cyjesz do pracy nad swoim rozwojem.<\/strong><\/p>\n<p><strong>Ksi\u0119\u017cycowy przewodnik to:<\/strong><\/p>\n<ul>\n<li>167 stron przepe\u0142nionych kosmiczn\u0105 energi\u0105.<\/li>\n<li>Opisy planet, kt\u00f3re pozwol\u0105 Ci zrozumie\u0107, jak ich energia wp\u0142ywa na Twoje \u017cycie.<\/li>\n<li>Wskaz\u00f3wki dotycz\u0105ce znak\u00f3w zodiaku.<\/li>\n<li>Wyja\u015bnienie znaczenia dom\u00f3w astrologicznych.<\/li>\n<li>Analiza wp\u0142ywu \u017cywio\u0142\u00f3w na Twoj\u0105 energi\u0119 i r\u00f3wnowag\u0119.<\/li>\n<li>Harmonogram lunacji na 2024 rok.<\/li>\n<li>Miejsce do zapisywania swoich cel\u00f3w i plan\u00f3w.<\/li>\n<li>Dziennik wdzi\u0119czno\u015bci, kt\u00f3ry pomo\u017ce Ci tworzy\u0107 pozytywn\u0105 perspektyw\u0119.<\/li>\n<li>Mandale do kolorowania.<\/li>\n<li>Zadania wspieraj\u0105ce rozw\u00f3j osobisty.<\/li>\n<\/ul>\n<p>Zanurz si\u0119 w wyj\u0105tkowej podr\u00f3\u017cy przez kosmos i swoje wn\u0119trze. Odkryj, jak kosmiczna energia mo\u017ce wp\u0142yn\u0105\u0107 na Twoje \u017cycie i pom\u00f3c osi\u0105gn\u0105\u0107 r\u00f3wnowag\u0119.<\/p>\n","protected":false},"excerpt":{"rendered":"<p>&nbsp;<\/p>\n<p><strong>Ksi\u0119\u017cycowy przewodnik to workbook, kt\u00f3ry mo\u017cesz pobra\u0107 w formacie PDF i otworzy\u0107 na dowolnym urz\u0105dzeniu \u2013 telefonie, tablecie, komputerze.<\/strong><\/p>\n<p><strong>Mo\u017cesz tak\u017ce wydrukowa\u0107 ca\u0142y zeszyt lub wybrane strony, kt\u00f3rych u\u017cyjesz do pracy nad swoim rozwojem.<\/strong><\/p>\n<p><strong>Ksi\u0119\u017cycowy przewodnik to:<\/strong><\/p>\n<ul>\n<li>Opisy planet, kt\u00f3re pozwol\u0105 Ci zrozumie\u0107, jak ich energia wp\u0142ywa na Twoje \u017cycie.<\/li>\n<li>Wskaz\u00f3wki dotycz\u0105ce znak\u00f3w zodiaku.<\/li>\n<li>Wyja\u015bnienie znaczenia dom\u00f3w astrologicznych.<\/li>\n<li>Analiza wp\u0142ywu \u017cywio\u0142\u00f3w na Twoj\u0105 energi\u0119 i r\u00f3wnowag\u0119.<\/li>\n<li>Harmonogram lunacji na 2024 rok.<\/li>\n<li>Miejsce do zapisywania swoich cel\u00f3w i plan\u00f3w.<\/li>\n<li>Dziennik wdzi\u0119czno\u015bci, kt\u00f3ry pomo\u017ce Ci tworzy\u0107 pozytywn\u0105 perspektyw\u0119.<\/li>\n<li>Mandale do kolorowania.<\/li>\n<li>Zadania wspieraj\u0105ce rozw\u00f3j osobisty.<\/li>\n<\/ul>\n<p>Zanurz si\u0119 w wyj\u0105tkowej podr\u00f3\u017cy przez kosmos i swoje wn\u0119trze. Odkryj, jak kosmiczna energia mo\u017ce wp\u0142yn\u0105\u0107 na Twoje \u017cycie i pom\u00f3c osi\u0105gn\u0105\u0107 r\u00f3wnowag\u0119.<\/p>\n","protected":false},"featured_media":2170,"comment_status":"open","ping_status":"closed","template":"","meta":{"_et_pb_use_builder":"","_et_pb_old_content":"","_et_gb_content_width":""},"product_brand":[],"product_cat":[63],"product_tag":[64],"class_list":{"0":"post-2166","1":"product","2":"type-product","3":"status-publish","4":"has-post-thumbnail","6":"product_cat-pelne-mocy","7":"product_tag-pelne-mocy","9":"first","10":"outofstock","11":"featured","12":"downloadable","13":"virtual","14":"purchasable","15":"product-type-simple"},"jetpack_sharing_enabled":true,"_links":{"self":[{"href":"https:\/\/ksiezycowykalendarz.pl\/index.php?rest_route=\/wp\/v2\/product\/2166","targetHints":{"allow":["GET"]}}],"collection":[{"href":"https:\/\/ksiezycowykalendarz.pl\/index.php?rest_route=\/wp\/v2\/product"}],"about":[{"href":"https:\/\/ksiezycowykalendarz.pl\/index.php?rest_route=\/wp\/v2\/types\/product"}],"replies":[{"embeddable":true,"href":"https:\/\/ksiezycowykalendarz.pl\/index.php?rest_route=%2Fwp%2Fv2%2Fcomments&post=2166"}],"wp:featuredmedia":[{"embeddable":true,"href":"https:\/\/ksiezycowykalendarz.pl\/index.php?rest_route=\/wp\/v2\/media\/2170"}],"wp:attachment":[{"href":"https:\/\/ksiezycowykalendarz.pl\/index.php?rest_route=%2Fwp%2Fv2%2Fmedia&parent=2166"}],"wp:term":[{"taxonomy":"product_brand","embeddable":true,"href":"https:\/\/ksiezycowykalendarz.pl\/index.php?rest_route=%2Fwp%2Fv2%2Fproduct_brand&post=2166"},{"taxonomy":"product_cat","embeddable":true,"href":"https:\/\/ksiezycowykalendarz.pl\/index.php?rest_route=%2Fwp%2Fv2%2Fproduct_cat&post=2166"},{"taxonomy":"product_tag","embeddable":true,"href":"https:\/\/ksiezycowykalendarz.pl\/index.php?rest_route=%2Fwp%2Fv2%2Fproduct_tag&post=2166"}],"curies":[{"name":"wp","href":"https:\/\/api.w.org\/{rel}","templated":true}]}}