{"id":366,"date":"2021-06-03T05:55:04","date_gmt":"2021-06-03T03:55:04","guid":{"rendered":"https:\/\/ksiezycowykalendarz.pl\/cart\/"},"modified":"2023-11-17T10:05:17","modified_gmt":"2023-11-17T09:05:17","slug":"cart","status":"publish","type":"page","link":"https:\/\/ksiezycowykalendarz.pl\/?page_id=366","title":{"rendered":"Cart"},"content":{"rendered":"<p>[et_pb_section fb_built=&#8221;1&#8243; _builder_version=&#8221;4.16&#8243; _module_preset=&#8221;default&#8221; display_conditions=&#8221;W3siaWQiOiJlYTg4M2Y0MC1lOTQ3LTRhZmEtYjAwZi0yNTlmNTc5NmNkMDkiLCJjb25kaXRpb24iOiJjYXJ0Q29udGVudHMiLCJjb25kaXRpb25TZXR0aW5ncyI6eyJkaXNwbGF5UnVsZSI6Imhhc1Byb2R1Y3RzIiwicHJvZHVjdHMiOltdLCJhZG1pbkxhYmVsIjoiU2hvdyBJZiB0aGVyZSBhcmUgUHJvZHVjdHMgaW4gQ2FydCIsImVuYWJsZUNvbmRpdGlvbiI6Im9uIn0sIm9wZXJhdG9yIjoiT1IifV0=&#8221; global_colors_info=&#8221;{}&#8221;][et_pb_row _builder_version=&#8221;4.16&#8243; _module_preset=&#8221;default&#8221; custom_padding=&#8221;||0px|||&#8221; global_colors_info=&#8221;{}&#8221;][et_pb_column type=&#8221;4_4&#8243; _builder_version=&#8221;4.16&#8243; _module_preset=&#8221;default&#8221; global_colors_info=&#8221;{}&#8221;][et_pb_text _builder_version=&#8221;4.18.0&#8243; _module_preset=&#8221;default&#8221; header_3_font=&#8221;|700|||||||&#8221; header_3_font_size=&#8221;25px&#8221; global_colors_info=&#8221;{}&#8221;]<\/p>\n<h3>Tw\u00f3j <span style=\"color: #ff8057;\">koszyk<\/span><\/h3>\n<p>[\/et_pb_text][\/et_pb_column][\/et_pb_row][et_pb_row _builder_version=&#8221;4.16&#8243; _module_preset=&#8221;default&#8221; custom_padding=&#8221;||0px|||&#8221; global_colors_info=&#8221;{}&#8221;][et_pb_column type=&#8221;4_4&#8243; _builder_version=&#8221;4.16&#8243; _module_preset=&#8221;default&#8221; global_colors_info=&#8221;{}&#8221;][et_pb_wc_cart_notice _builder_version=&#8221;4.18.0&#8243; _module_preset=&#8221;default&#8221; form_field_background_color=&#8221;#FFFFFF&#8221; form_field_focus_background_color=&#8221;#FFFFFF&#8221; form_field_custom_padding=&#8221;13px|10px|13px|10px|true|true&#8221; title_text_color=&#8221;#FFFFFF&#8221; custom_button=&#8221;on&#8221; button_text_size=&#8221;20px&#8221; button_border_width=&#8221;0px&#8221; button_border_radius=&#8221;50px&#8221; button_custom_padding=&#8221;13px||13px||true|false&#8221; border_width_all=&#8221;2px&#8221; border_color_all=&#8221;#eeeeee&#8221; border_radii_form_field=&#8221;on|5px|5px|5px|5px&#8221; border_width_all_form_field=&#8221;2px&#8221; border_color_all_form_field=&#8221;#eeeeee&#8221; locked=&#8221;off&#8221; global_colors_info=&#8221;{}&#8221; button_bg_color__hover_enabled=&#8221;on|hover&#8221; button_bg_color__hover=&#8221;#BD9544&#8243; button_bg_enable_color__hover=&#8221;on&#8221;][\/et_pb_wc_cart_notice][\/et_pb_column][\/et_pb_row][et_pb_row column_structure=&#8221;2_3,1_3&#8243; _builder_version=&#8221;4.16&#8243; _module_preset=&#8221;default&#8221; global_colors_info=&#8221;{}&#8221;][et_pb_column type=&#8221;2_3&#8243; _builder_version=&#8221;4.16&#8243; _module_preset=&#8221;default&#8221; global_colors_info=&#8221;{}&#8221;][et_pb_wc_cart_products placeholder_color=&#8221;#000000&#8243; _builder_version=&#8221;4.16&#8243; _module_preset=&#8221;default&#8221; form_field_background_color=&#8221;#FFFFFF&#8221; form_field_focus_text_color=&#8221;#000000&#8243; form_field_custom_padding=&#8221;12px||12px||true|false&#8221; link_font=&#8221;|600|||||||&#8221; link_text_color=&#8221;#000000&#8243; custom_button=&#8221;on&#8221; button_custom_padding=&#8221;13px||13px||true|false&#8221; custom_disabled_button=&#8221;on&#8221; disabled_button_text_size=&#8221;0px&#8221; disabled_button_use_icon=&#8221;off&#8221; disabled_button_custom_padding=&#8221;0px|0px|0px|0px|true|true&#8221; custom_css_product_image=&#8221;width:70px !important;||padding:6px;&#8221; custom_css_disabled_button=&#8221;opacity:0;&#8221; border_radii_image=&#8221;on|5px|5px|5px|5px&#8221; border_width_all_image=&#8221;1px&#8221; border_color_all_image=&#8221;#eeeeee&#8221; border_width_all_table=&#8221;0px&#8221; border_radii_form_field=&#8221;on|6px|6px|6px|6px&#8221; border_width_all_form_field=&#8221;1px&#8221; global_colors_info=&#8221;{}&#8221; link_text_color__hover_enabled=&#8221;on|desktop&#8221; link_text_color__hover=&#8221;#FF8057&#8243;][\/et_pb_wc_cart_products][\/et_pb_column][et_pb_column type=&#8221;1_3&#8243; _builder_version=&#8221;4.16&#8243; _module_preset=&#8221;default&#8221; global_colors_info=&#8221;{}&#8221;][et_pb_wc_cart_totals vertical_gutter_width=&#8221;7px&#8221; _builder_version=&#8221;4.18.0&#8243; _module_preset=&#8221;default&#8221; title_font=&#8221;|600|||||||&#8221; title_text_color=&#8221;#FFFFFF&#8221; title_font_size=&#8221;22px&#8221; column_label_font=&#8221;|600|||||||&#8221; column_label_text_color=&#8221;#FFFFFF&#8221; body_text_color=&#8221;#FFFFFF&#8221; background_color=&#8221;#683958&#8243; custom_button=&#8221;on&#8221; button_text_size=&#8221;13px&#8221; button_bg_color=&#8221;#FF8057&#8243; button_border_width=&#8221;0px&#8221; button_border_radius=&#8221;5px&#8221; button_use_icon=&#8221;off&#8221; button_custom_padding=&#8221;14px|1em|14px|1em|true|false&#8221; custom_padding=&#8221;50px|20px|30px|20px|false|true&#8221; custom_css_button=&#8221;background-color: #bd9544;&#8221; border_radii=&#8221;on|8px|8px|8px|8px&#8221; border_width_all_table=&#8221;0px&#8221; border_color_top_table_cell=&#8221;rgba(255,255,255,0.2)&#8221; box_shadow_style=&#8221;preset1&#8243; box_shadow_vertical=&#8221;13px&#8221; box_shadow_blur=&#8221;37px&#8221; box_shadow_color=&#8221;rgba(0,0,0,0.19)&#8221; global_colors_info=&#8221;{}&#8221;][\/et_pb_wc_cart_totals][\/et_pb_column][\/et_pb_row][\/et_pb_section][et_pb_section fb_built=&#8221;1&#8243; _builder_version=&#8221;4.18.0&#8243; _module_preset=&#8221;default&#8221; background_image=&#8221;https:\/\/ksiezycowykalendarz.pl\/wp-content\/uploads\/2022\/10\/ksiezycowy-kalendarz-2023-hero-tlo.png&#8221; background_size=&#8221;initial&#8221; background_position=&#8221;top_left&#8221; display_conditions=&#8221;W3siaWQiOiJhM2NhMzhhMi0wNTQxLTRhNGEtYTA3MS0xZjk5MGE1YWMyZmEiLCJjb25kaXRpb24iOiJjYXJ0Q29udGVudHMiLCJjb25kaXRpb25TZXR0aW5ncyI6eyJkaXNwbGF5UnVsZSI6ImlzRW1wdHkiLCJwcm9kdWN0cyI6W10sImFkbWluTGFiZWwiOiJTaG93IElmIENhcnQgSXMgRW1wdHkiLCJlbmFibGVDb25kaXRpb24iOiJvbiJ9LCJvcGVyYXRvciI6Ik9SIn1d&#8221; custom_margin=&#8221;||-27px|||&#8221; custom_padding=&#8221;||85px|||&#8221; locked=&#8221;off&#8221; global_colors_info=&#8221;{}&#8221;][et_pb_row _builder_version=&#8221;4.16&#8243; _module_preset=&#8221;default&#8221; global_colors_info=&#8221;{}&#8221;][et_pb_column type=&#8221;4_4&#8243; _builder_version=&#8221;4.16&#8243; _module_preset=&#8221;default&#8221; global_colors_info=&#8221;{}&#8221;][et_pb_text _builder_version=&#8221;4.18.0&#8243; _module_preset=&#8221;default&#8221; header_3_font=&#8221;|700|||||||&#8221; header_3_text_align=&#8221;center&#8221; header_3_font_size=&#8221;34px&#8221; custom_margin=&#8221;35px||5px||false|false&#8221; header_3_font_size_tablet=&#8221;&#8221; header_3_font_size_phone=&#8221;20px&#8221; header_3_font_size_last_edited=&#8221;on|phone&#8221; header_3_line_height_tablet=&#8221;&#8221; header_3_line_height_phone=&#8221;1.3em&#8221; header_3_line_height_last_edited=&#8221;on|phone&#8221; global_colors_info=&#8221;{}&#8221;]<\/p>\n<h3>O nie, Tw\u00f3j koszyk jest pusty!<\/h3>\n<p>[\/et_pb_text][et_pb_text _builder_version=&#8221;4.23.1&#8243; _module_preset=&#8221;default&#8221; text_font_size=&#8221;15px&#8221; width=&#8221;55%&#8221; width_tablet=&#8221;86%&#8221; width_phone=&#8221;&#8221; width_last_edited=&#8221;on|tablet&#8221; module_alignment=&#8221;center&#8221; hover_enabled=&#8221;0&#8243; text_font_size_tablet=&#8221;&#8221; text_font_size_phone=&#8221;13px&#8221; text_font_size_last_edited=&#8221;on|phone&#8221; text_line_height_tablet=&#8221;1.8em&#8221; text_line_height_phone=&#8221;1.5em&#8221; text_line_height_last_edited=&#8221;on|tablet&#8221; global_colors_info=&#8221;{}&#8221; sticky_enabled=&#8221;0&#8243;]<\/p>\n<p style=\"text-align: center;\">To oznacza tylko jedno, zapraszamy Ci\u0119 do wybrania swojego ulubionego produktu pe\u0142nego mocy.<\/p>\n<p>[\/et_pb_text][et_pb_button button_url=&#8221;\/shop&#8221; button_text=&#8221;Zobacz nasze produkty&#8221; button_alignment=&#8221;center&#8221; button_text_tablet=&#8221;Shop our Products now&#8221; button_text_phone=&#8221;Shop Products&#8221; button_text_last_edited=&#8221;on|phone&#8221; _builder_version=&#8221;4.18.0&#8243; _module_preset=&#8221;default&#8221; global_colors_info=&#8221;{}&#8221;][\/et_pb_button][\/et_pb_column][\/et_pb_row][\/et_pb_section][et_pb_section fb_built=&#8221;1&#8243; _builder_version=&#8221;4.16&#8243; _module_preset=&#8221;default&#8221; background_color=&#8221;#fcfcfc&#8221; custom_margin=&#8221;||-35px|||&#8221; custom_padding=&#8221;||85px|||&#8221; global_colors_info=&#8221;{}&#8221;][et_pb_row column_structure=&#8221;1_3,1_3,1_3&#8243; _builder_version=&#8221;4.16&#8243; _module_preset=&#8221;default&#8221; locked=&#8221;off&#8221; global_colors_info=&#8221;{}&#8221;][et_pb_column type=&#8221;1_3&#8243; _builder_version=&#8221;4.16&#8243; _module_preset=&#8221;default&#8221; global_colors_info=&#8221;{}&#8221;][et_pb_blurb title=&#8221;Kosmiczna energia&#8221; image=&#8221;https:\/\/ksiezycowykalendarz.pl\/wp-content\/uploads\/2022\/10\/magic-kopia-3-1.png&#8221; image_icon_width=&#8221;25%&#8221; _builder_version=&#8221;4.18.0&#8243; _module_preset=&#8221;default&#8221; header_font=&#8221;Montserrat|600|||||||&#8221; header_font_size=&#8221;20px&#8221; header_letter_spacing=&#8221;1px&#8221; body_text_color=&#8221;rgba(104,57,88,0.7)&#8221; body_font_size=&#8221;13px&#8221; body_line_height=&#8221;1.8em&#8221; text_orientation=&#8221;center&#8221; animation=&#8221;off&#8221; image_max_width=&#8221;25%&#8221; global_colors_info=&#8221;{}&#8221;]<\/p>\n<p><span>Aby ka\u017cdy Tw\u00f3j dzie\u0144 by\u0142 szczeg\u00f3lny.<\/span><\/p>\n<p>[\/et_pb_blurb][\/et_pb_column][et_pb_column type=&#8221;1_3&#8243; _builder_version=&#8221;4.16&#8243; _module_preset=&#8221;default&#8221; global_colors_info=&#8221;{}&#8221;][et_pb_blurb title=&#8221;Inspiruj\u0105ce tre\u015bci&#8221; image=&#8221;https:\/\/ksiezycowykalendarz.pl\/wp-content\/uploads\/2022\/10\/magic-kopia-4.png&#8221; image_icon_width=&#8221;25%&#8221; _builder_version=&#8221;4.18.0&#8243; _module_preset=&#8221;default&#8221; header_font=&#8221;Montserrat|600|||||||&#8221; header_font_size=&#8221;20px&#8221; header_letter_spacing=&#8221;1px&#8221; body_text_color=&#8221;rgba(104,57,88,0.7)&#8221; body_font_size=&#8221;13px&#8221; body_line_height=&#8221;1.8em&#8221; text_orientation=&#8221;center&#8221; animation=&#8221;off&#8221; image_max_width=&#8221;25%&#8221; locked=&#8221;off&#8221; global_colors_info=&#8221;{}&#8221;]<\/p>\n<div class=\"et_pb_module et_pb_blurb et_pb_blurb_1_tb_body  et_pb_text_align_left  et_pb_blurb_position_left et_pb_bg_layout_light\">\n<div class=\"et_pb_blurb_content\">\n<div class=\"et_pb_blurb_container\">\n<div class=\"et_pb_blurb_description\">\n<p>Kt\u00f3re pozwol\u0105 Ci spojrze\u0107 szerzej i g\u0142\u0119biej.<\/p>\n<\/div>\n<\/div>\n<\/div>\n<\/div>\n<div class=\"et_pb_module et_pb_blurb et_pb_blurb_2_tb_body  et_pb_text_align_left  et_pb_blurb_position_left et_pb_bg_layout_light\">\n<div class=\"et_pb_blurb_content\">\n<div class=\"et_pb_main_blurb_image\"><\/div>\n<\/div>\n<\/div>\n<p>[\/et_pb_blurb][\/et_pb_column][et_pb_column type=&#8221;1_3&#8243; _builder_version=&#8221;4.16&#8243; _module_preset=&#8221;default&#8221; global_colors_info=&#8221;{}&#8221;][et_pb_blurb title=&#8221;Pi\u0119kne ilustracje&#8221; image=&#8221;https:\/\/ksiezycowykalendarz.pl\/wp-content\/uploads\/2022\/10\/heart.png&#8221; image_icon_width=&#8221;25%&#8221; _builder_version=&#8221;4.18.0&#8243; _module_preset=&#8221;default&#8221; header_font=&#8221;Montserrat|600|||||||&#8221; header_font_size=&#8221;20px&#8221; header_letter_spacing=&#8221;1px&#8221; body_text_color=&#8221;rgba(104,57,88,0.7)&#8221; body_font_size=&#8221;13px&#8221; body_line_height=&#8221;1.8em&#8221; text_orientation=&#8221;center&#8221; animation=&#8221;off&#8221; image_max_width=&#8221;25%&#8221; locked=&#8221;off&#8221; global_colors_info=&#8221;{}&#8221;]<\/p>\n<p>Bo otaczanie si\u0119 cudownymi rzeczami pomaga cudownie \u017cy\u0107.<\/p>\n<p>[\/et_pb_blurb][\/et_pb_column][\/et_pb_row][\/et_pb_section]<\/p>\n","protected":false},"excerpt":{"rendered":"<p>Tw\u00f3j koszykO nie, Tw\u00f3j koszyk jest pusty!To oznacza tylko jedno, zapraszamy Ci\u0119 do wybrania swojego ulubionego produktu pe\u0142nego mocy.Aby ka\u017cdy Tw\u00f3j dzie\u0144 by\u0142 szczeg\u00f3lny. Kt\u00f3re pozwol\u0105 Ci spojrze\u0107 szerzej i g\u0142\u0119biej. Bo otaczanie si\u0119 cudownymi rzeczami pomaga cudownie \u017cy\u0107.<\/p>\n","protected":false},"author":1,"featured_media":0,"parent":0,"menu_order":0,"comment_status":"closed","ping_status":"closed","template":"","meta":{"_et_pb_use_builder":"on","_et_pb_old_content":"","_et_gb_content_width":"","footnotes":""},"class_list":["post-366","page","type-page","status-publish","hentry"],"jetpack_sharing_enabled":true,"_links":{"self":[{"href":"https:\/\/ksiezycowykalendarz.pl\/index.php?rest_route=\/wp\/v2\/pages\/366","targetHints":{"allow":["GET"]}}],"collection":[{"href":"https:\/\/ksiezycowykalendarz.pl\/index.php?rest_route=\/wp\/v2\/pages"}],"about":[{"href":"https:\/\/ksiezycowykalendarz.pl\/index.php?rest_route=\/wp\/v2\/types\/page"}],"author":[{"embeddable":true,"href":"https:\/\/ksiezycowykalendarz.pl\/index.php?rest_route=\/wp\/v2\/users\/1"}],"replies":[{"embeddable":true,"href":"https:\/\/ksiezycowykalendarz.pl\/index.php?rest_route=%2Fwp%2Fv2%2Fcomments&post=366"}],"version-history":[{"count":6,"href":"https:\/\/ksiezycowykalendarz.pl\/index.php?rest_route=\/wp\/v2\/pages\/366\/revisions"}],"predecessor-version":[{"id":2258,"href":"https:\/\/ksiezycowykalendarz.pl\/index.php?rest_route=\/wp\/v2\/pages\/366\/revisions\/2258"}],"wp:attachment":[{"href":"https:\/\/ksiezycowykalendarz.pl\/index.php?rest_route=%2Fwp%2Fv2%2Fmedia&parent=366"}],"curies":[{"name":"wp","href":"https:\/\/api.w.org\/{rel}","templated":true}]}}